{"id":74,"date":"2019-05-09T11:49:20","date_gmt":"2019-05-09T09:49:20","guid":{"rendered":"http:\/\/www.mairie-saintleon.fr\/?page_id=74"},"modified":"2019-05-24T06:45:39","modified_gmt":"2019-05-24T04:45:39","slug":"ma-commune","status":"publish","type":"page","link":"https:\/\/www.mairie-saintleon.fr\/?page_id=74","title":{"rendered":"Ma commune"},"content":{"rendered":"\n<p>Le nom de la commune provient du saint \u00e9ponyme, le pape\u00a0<a href=\"https:\/\/fr.wikipedia.org\/wiki\/L%C3%A9on_Ier_(pape)\">L\u00e9on le Grand<\/a>, qui a v\u00e9cu au\u00a0<abbr title=\"5\u1d49 si\u00e8cle\">v<sup>e<\/sup><\/abbr>\u00a0si\u00e8cle<sup><a href=\"https:\/\/fr.wikipedia.org\/wiki\/Saint-L%C3%A9on_(Gironde)#cite_note-Visaq-2\">2<\/a><\/sup>.   <br>En\u00a0<a href=\"https:\/\/fr.wikipedia.org\/wiki\/Gascon\">gascon<\/a>, le nom de la commune est\u00a0<em>Sent Leon<\/em>\u00a0. <br><\/p>\n\n\n\n<ul class=\"wp-block-gallery columns-2 is-cropped wp-block-gallery-1 is-layout-flex wp-block-gallery-is-layout-flex\"><li class=\"blocks-gallery-item\"><figure><img loading=\"lazy\" decoding=\"async\" width=\"200\" height=\"200\" src=\"http:\/\/www.mairie-saintleon.fr\/wp-content\/uploads\/2019\/04\/amgt-secu-STLEON.jpg\" alt=\"\" data-id=\"38\" data-link=\"http:\/\/www.mairie-saintleon.fr\/contact\/amgt-secu-stleon\/\" class=\"wp-image-38\" srcset=\"https:\/\/www.mairie-saintleon.fr\/wp-content\/uploads\/2019\/04\/amgt-secu-STLEON.jpg 200w, https:\/\/www.mairie-saintleon.fr\/wp-content\/uploads\/2019\/04\/amgt-secu-STLEON-150x150.jpg 150w\" sizes=\"auto, (max-width: 200px) 100vw, 200px\" \/><\/figure><\/li><li class=\"blocks-gallery-item\"><figure><img loading=\"lazy\" decoding=\"async\" width=\"174\" height=\"130\" src=\"http:\/\/www.mairie-saintleon.fr\/wp-content\/uploads\/2019\/05\/mairiestleon.jpg\" alt=\"\" data-id=\"117\" data-link=\"http:\/\/www.mairie-saintleon.fr\/mairiestleon\/\" class=\"wp-image-117\"\/><\/figure><\/li><\/ul>\n\n\n\n<p><br>La commune de Saint-L\u00e9on fait partie de l&rsquo;<a href=\"https:\/\/fr.wikipedia.org\/wiki\/Arrondissement_de_Bordeaux\">arrondissement de Bordeaux<\/a>. \u00c0 la suite du\u00a0<a href=\"https:\/\/fr.wikipedia.org\/wiki\/Red%C3%A9coupage_cantonal_de_2014_en_France\">d\u00e9coupage territorial de 2014<\/a>\u00a0entr\u00e9 en vigueur \u00e0 l&rsquo;occasion des\u00a0<a href=\"https:\/\/fr.wikipedia.org\/wiki\/%C3%89lections_d%C3%A9partementales_fran%C3%A7aises_de_2015\">\u00e9lections d\u00e9partementales de 2015<\/a>, la commune est transf\u00e9r\u00e9e du\u00a0<a href=\"https:\/\/fr.wikipedia.org\/wiki\/Canton_de_Cr%C3%A9on\">canton de Cr\u00e9on<\/a>\u00a0remodel\u00e9 dans le nouveau\u00a0<a href=\"https:\/\/fr.wikipedia.org\/wiki\/Canton_de_l%27Entre-deux-Mers\">canton de l&rsquo;Entre-deux-Mers<\/a><sup><a href=\"https:\/\/fr.wikipedia.org\/wiki\/Saint-L%C3%A9on_(Gironde)#cite_note-4\">4<\/a>,<a href=\"https:\/\/fr.wikipedia.org\/wiki\/Saint-L%C3%A9on_(Gironde)#cite_note-5\">5<\/a><\/sup>. Saint-L\u00e9on fait \u00e9galement partie de la\u00a0<a href=\"https:\/\/fr.wikipedia.org\/wiki\/Communaut%C3%A9_de_communes_du_Cr%C3%A9onnais\">communaut\u00e9 de communes du Cr\u00e9onnais<\/a>, membre du\u00a0<a href=\"https:\/\/fr.wikipedia.org\/wiki\/Pays_du_C%C5%93ur_de_l%27Entre-deux-Mers\">Pays du C\u0153ur de l&rsquo;Entre-deux-Mers<\/a>. <br><\/p>\n\n\n\n<p>Les habitants&nbsp;<a href=\"https:\/\/fr.wikipedia.org\/wiki\/Gentil%C3%A9\">sont appel\u00e9s<\/a>&nbsp;les&nbsp;<em>Saint-L\u00e9onnais<\/em><sup><a href=\"https:\/\/fr.wikipedia.org\/wiki\/Saint-L%C3%A9on_(Gironde)#cite_note-7\">7<\/a><\/sup>.<\/p>\n\n\n\n<table class=\"wp-block-table\"><tbody><tr><td>L&rsquo;\u00e9volution du nombre d&rsquo;habitants est connue \u00e0 travers les&nbsp;<a href=\"https:\/\/fr.wikipedia.org\/wiki\/Recensement_de_la_population\">recensements de la population<\/a>&nbsp;effectu\u00e9s dans la commune depuis 1793. \u00c0 partir de 2006, les&nbsp;<a href=\"https:\/\/fr.wikipedia.org\/wiki\/Histoire_du_recensement_de_la_population_en_France#Le_recensement_r%C3%A9nov%C3%A9_en_France_(depuis_2004)\">populations l\u00e9gales<\/a>&nbsp;des communes sont publi\u00e9es annuellement par l&rsquo;<a href=\"https:\/\/fr.wikipedia.org\/wiki\/Institut_national_de_la_statistique_et_des_%C3%A9tudes_%C3%A9conomiques\">Insee<\/a>. Le recensement repose d\u00e9sormais sur une collecte d&rsquo;information annuelle, concernant successivement tous les territoires communaux au cours d&rsquo;une p\u00e9riode de cinq ans. Pour les communes de moins de 10 000&nbsp;habitants, une enqu\u00eate de recensement portant sur toute la population est r\u00e9alis\u00e9e tous les cinq&nbsp;ans, les populations l\u00e9gales des ann\u00e9es interm\u00e9diaires \u00e9tant quant \u00e0 elles estim\u00e9es par interpolation ou extrapolation<sup><a href=\"https:\/\/fr.wikipedia.org\/wiki\/Saint-L%C3%A9on_(Gironde)#cite_note-8\">8<\/a><\/sup>. <br><br>Pour la commune, le premier recensement exhaustif entrant dans le cadre du nouveau dispositif a \u00e9t\u00e9 r\u00e9alis\u00e9 en 2006<sup><a href=\"https:\/\/fr.wikipedia.org\/wiki\/Saint-L%C3%A9on_(Gironde)#cite_note-9\">9<\/a><\/sup>. En 2016, la commune comptait 341 habitants<sup><a href=\"https:\/\/fr.wikipedia.org\/wiki\/Saint-L%C3%A9on_(Gironde)#cite_note-10\">Note 1<\/a><\/sup>, en diminution de 0,87&nbsp;% par rapport \u00e0 2011 (<a href=\"https:\/\/fr.wikipedia.org\/wiki\/Gironde_(d%C3%A9partement)\">Gironde<\/a>&nbsp;: +7,04&nbsp;%<a href=\"https:\/\/fr.wikipedia.org\/wiki\/D%C3%A9mographie_de_la_France\">)<\/a><br>(Sources&nbsp;: Ldh\/<a href=\"https:\/\/fr.wikipedia.org\/wiki\/%C3%89cole_des_hautes_%C3%A9tudes_en_sciences_sociales\">EHESS<\/a>\/Cassini jusqu&rsquo;en 1999<sup><a href=\"https:\/\/fr.wikipedia.org\/wiki\/Saint-L%C3%A9on_(Gironde)#cite_note-Cassini-11\">10<\/a><\/sup>&nbsp;puis&nbsp;<a href=\"https:\/\/fr.wikipedia.org\/wiki\/Institut_national_de_la_statistique_et_des_%C3%A9tudes_%C3%A9conomiques\">Insee<\/a>&nbsp;\u00e0 partir de 2006<sup><a href=\"https:\/\/fr.wikipedia.org\/wiki\/Saint-L%C3%A9on_(Gironde)#cite_note-12\">11<\/a><\/sup><\/td><\/tr><\/tbody><\/table>\n\n\n\n<h2 class=\"wp-block-heading\"><\/h2>\n\n\n\n<p><\/p>\n\n\n\n<p><\/p>\n\n\n\n<p><\/p>\n","protected":false},"excerpt":{"rendered":"<p>Le nom de la commune provient du saint \u00e9ponyme, le pape\u00a0L\u00e9on le Grand, qui a v\u00e9cu au\u00a0ve\u00a0si\u00e8cle2. En\u00a0gascon, le nom de la commune est\u00a0Sent Leon\u00a0. La commune de Saint-L\u00e9on fait&hellip;<\/p>\n","protected":false},"author":1,"featured_media":0,"parent":0,"menu_order":0,"comment_status":"closed","ping_status":"closed","template":"","meta":{"footnotes":""},"class_list":["post-74","page","type-page","status-publish","hentry","no-post-thumbnail"],"_links":{"self":[{"href":"https:\/\/www.mairie-saintleon.fr\/index.php?rest_route=\/wp\/v2\/pages\/74","targetHints":{"allow":["GET"]}}],"collection":[{"href":"https:\/\/www.mairie-saintleon.fr\/index.php?rest_route=\/wp\/v2\/pages"}],"about":[{"href":"https:\/\/www.mairie-saintleon.fr\/index.php?rest_route=\/wp\/v2\/types\/page"}],"author":[{"embeddable":true,"href":"https:\/\/www.mairie-saintleon.fr\/index.php?rest_route=\/wp\/v2\/users\/1"}],"replies":[{"embeddable":true,"href":"https:\/\/www.mairie-saintleon.fr\/index.php?rest_route=%2Fwp%2Fv2%2Fcomments&post=74"}],"version-history":[{"count":4,"href":"https:\/\/www.mairie-saintleon.fr\/index.php?rest_route=\/wp\/v2\/pages\/74\/revisions"}],"predecessor-version":[{"id":154,"href":"https:\/\/www.mairie-saintleon.fr\/index.php?rest_route=\/wp\/v2\/pages\/74\/revisions\/154"}],"wp:attachment":[{"href":"https:\/\/www.mairie-saintleon.fr\/index.php?rest_route=%2Fwp%2Fv2%2Fmedia&parent=74"}],"curies":[{"name":"wp","href":"https:\/\/api.w.org\/{rel}","templated":true}]}}