{"id":274,"date":"2019-06-05T16:07:29","date_gmt":"2019-06-05T14:07:29","guid":{"rendered":"http:\/\/www.mairie-saintleon.fr\/?page_id=274"},"modified":"2019-06-05T16:07:41","modified_gmt":"2019-06-05T14:07:41","slug":"numeros-durgence","status":"publish","type":"page","link":"https:\/\/www.mairie-saintleon.fr\/?page_id=274","title":{"rendered":"Num\u00e9ros d&rsquo;urgence"},"content":{"rendered":"\n<figure class=\"wp-block-image\"><img decoding=\"async\" src=\"http:\/\/www.mairie-sadirac.fr\/userfiles\/image\/SOS.gif\" alt=\"sos\"\/><\/figure>\n\n\n\n<p><strong>Les services d&rsquo;urgence fonctionnent 24H\/24.<br>Ils sont en relation constante entre eux.<\/strong><\/p>\n\n\n\n<p>L&rsquo;efficacit\u00e9 des secours d\u00e9pend des&nbsp;informations donn\u00e9es&nbsp;:<\/p>\n\n\n\n<ul class=\"wp-block-list\"><li><strong>Adresse pr\u00e9cise&nbsp;<\/strong>du lieu du sinistre ou de l&rsquo;accident<\/li><li><strong>Circonstances<\/strong>&nbsp;(ce qui est arriv\u00e9)<\/li><li>Ce que vous constatez<\/li><li><strong>Nombre et Etat&nbsp;<\/strong>apparent des victimes<\/li><li>Eventualit\u00e9 d&rsquo;un&nbsp;<strong>Danger suppl\u00e9mentaire<\/strong><\/li><li><strong>Num\u00e9ro de t\u00e9l\u00e9phone de l&rsquo;appelant<\/strong>&nbsp;pour obtenir des renseignements compl\u00e9mentaires<\/li><\/ul>\n\n\n\n<p>IMPORTANT&nbsp;:<\/p>\n\n\n\n<p>Ne raccrochez jamais le premier<br>N&rsquo;appelez pas si vous savez que quelqu&rsquo;un l&rsquo;a d\u00e9j\u00e0 fait ou est d\u00e9j\u00e0 en relation avec un service d&rsquo;urgence<br>Si les coordonn\u00e9es du requ\u00e9rant sont demand\u00e9es pour v\u00e9rifications, son anonymat sera pr\u00e9serv\u00e9.<\/p>\n\n\n\n<p><strong>POURQUOI APPELER LES SERVICES DE SECOURS ?<\/strong><\/p>\n\n\n\n<p>Les services publics de secours sont assur\u00e9s par des professionnels.<\/p>\n\n\n\n<p>Faire appel aux services de secours est un droit reconnu \u00e0 chaque victime.<\/p>\n\n\n\n<p>C&rsquo;est aussi un devoir qui s&rsquo;impose \u00e0 celui ou celle qui est t\u00e9moin de la d\u00e9tresse d&rsquo;autrui. Le t\u00e9moin d&rsquo;un sinistre ou d&rsquo;une infraction qui s&rsquo;abstient de faire appel au service de secours se rend coupable d&rsquo;un d\u00e9lit de non-assistance \u00e0 personne en danger et peut encourir une peine pouvant aller jusqu&rsquo;\u00e0 5 ans d&#8217;emprisonnement.<\/p>\n\n\n\n<p>En mati\u00e8re p\u00e9nale, les services publics de la police et de la gendarmerie sont \u00e0 votre disposition pour assurer votre s\u00e9curit\u00e9 et celle de vos biens.<\/p>\n\n\n\n<hr class=\"wp-block-separator\"\/>\n\n\n\n<p><strong>QUI APPELER DANS QUEL CAS ?<\/strong><\/p>\n\n\n\n<p><strong>URGENCE MEDICALE&nbsp;&#8211; SAMU : 15<\/strong><\/p>\n\n\n\n<ul class=\"wp-block-list\"><li>D\u00e9tresses<\/li><li>Grandes urgences m\u00e9dicales \u00e0 domicile<\/li><li>Bless\u00e9s par accident<\/li><li>Malaises dans un lieu public<\/li><li>Accidents du travail<\/li><\/ul>\n\n\n\n<p><strong>URGENCE SECURITAIRE&nbsp;&#8211; POLICE Nationale ou GENDARMERIE Nationale : 17<\/strong><\/p>\n\n\n\n<ul class=\"wp-block-list\"><li>Accidents de la route<\/li><li>Troubles \u00e0 l&rsquo;ordre public<\/li><li>Infractions p\u00e9nales<\/li><\/ul>\n\n\n\n<p>En cas d&rsquo;urgence, Appelez POLICE-SECOURS en composant le 17 (112 avec un portable).<br>Une \u00e9quipe de policiers ou de gendarmes sera aussit\u00f4t d\u00e9p\u00each\u00e9e sur les lieux<\/p>\n\n\n\n<p>Dans les autres cas,&nbsp;composez le num\u00e9ro de votre commissariat (ou de l&rsquo;\u00e9quipe de police de proximit\u00e9 de votre secteur) ou de votre brigade de gendarmerie.<\/p>\n\n\n\n<p><strong>URGENCE DE SECOURS AUX PERSONNES&nbsp;&#8211; SAPEURS POMPIERS : 18<\/strong><\/p>\n\n\n\n<ul class=\"wp-block-list\"><li>Incendies<\/li><li>Accidents de la route<\/li><li>Accidents domestiques<\/li><li>Explosions, d\u00e9gagement de gaz ou de vapeurs toxiques<\/li><li>Personnes en p\u00e9ril, noyades, inondations<\/li><\/ul>\n\n\n\n<p><strong>NUMERO D&rsquo;URGENCE Europ\u00e9en : 112&nbsp;<\/strong><\/p>\n\n\n\n<p>Ce num\u00e9ro est valable pour les cas relevant du 17 ou du 18. Si le 112 aboutit dans un service qui n&rsquo;est pas concern\u00e9, l&rsquo;op\u00e9rateur vous transf\u00e9rera sur le service comp\u00e9tent.<br>Ce num\u00e9ro est \u00e9galement accessible depuis un tel\u00e9phone portable, un poste fixe ou une cabine.<\/p>\n\n\n\n<p><strong>GDF&nbsp;<\/strong>S\u00e9curit\u00e9 d\u00e9pannage : &nbsp; &nbsp; &nbsp;&nbsp;<strong>05 56 79 92 60<\/strong><br><strong>ENEDIS<\/strong><strong>&nbsp;\/<\/strong><br><strong>Gestionnaire du r\u00e9seau de distribution d\u2019\u00e9lectricit\u00e9 :&nbsp;<\/strong><a href=\"http:\/\/www.enedis.fr\/\" target=\"_blank\" rel=\"noreferrer noopener\">http:\/\/www.enedis.fr\/<\/a>&nbsp;<br><strong>Adresse des agence EDF \u00e0 proximit\u00e9 de votre commune&nbsp;<\/strong>:&nbsp;<a href=\"https:\/\/agence-energie.com\/agence-edf\/sadirac\" target=\"_blank\" rel=\"noreferrer noopener\">https:\/\/agence-energie.com\/agence-edf\/sadirac&nbsp;<\/a><\/p>\n\n\n\n<p><strong>France t\u00e9l\u00e9com : &nbsp; &nbsp; &nbsp; &nbsp; &nbsp; &nbsp; &nbsp; &nbsp; &nbsp;<\/strong><strong>08 00 08 30 83<\/strong><br><strong>Lyonnaise des Eaux : &nbsp; &nbsp; &nbsp; &nbsp; &nbsp; &nbsp;&nbsp;<\/strong><strong>08 10 13 01 20<\/strong><br><strong>Nantaise des Eaux&nbsp;<\/strong>: &nbsp; &nbsp; &nbsp; &nbsp; &nbsp; &nbsp; &nbsp;&nbsp;<strong>&nbsp;09 69 32 04 04&nbsp;<\/strong><\/p>\n\n\n\n<p><strong>Gendarmerie CREON&nbsp;&nbsp;&nbsp;&nbsp;<\/strong>&nbsp; &nbsp; &nbsp; &nbsp;&nbsp;&nbsp;&nbsp;<strong>05 57 34 45 20<\/strong>&nbsp;ou&nbsp;<strong>17<\/strong><br>1 rte de la Sauve CREON<\/p>\n\n\n\n<p><br><strong>SDIS &nbsp; &nbsp; &nbsp; &nbsp; &nbsp; &nbsp; &nbsp; &nbsp; &nbsp; &nbsp; &nbsp; &nbsp; &nbsp; &nbsp; &nbsp; &nbsp; &nbsp; &nbsp; &nbsp; &nbsp;&nbsp;<\/strong><strong>&nbsp;05 57 34 50 50<\/strong><br><br><strong>All\u00f4 Escroquerie<\/strong>&nbsp; &nbsp; &nbsp; &nbsp; &nbsp; &nbsp; &nbsp; &nbsp; &nbsp; &nbsp; &nbsp;&nbsp;<strong>08 11 02 02 17<\/strong><br><strong>All\u00f4 Service Public&nbsp;<\/strong>&#8211; service de renseignement administratif interminist\u00e9riel&nbsp;&nbsp;<strong>39 39<\/strong><br>&nbsp;<\/p>\n\n\n\n<p><strong>Allo enfance maltra\u00eet\u00e9e<\/strong>&nbsp; &nbsp; &nbsp; &nbsp; &nbsp; &nbsp; &nbsp; &nbsp; &nbsp; &nbsp; &nbsp; &nbsp;&nbsp;<strong>08 00 05 41 41<\/strong>&nbsp;ou le&nbsp;<strong>119<\/strong><br><strong>Samu Social&nbsp;<\/strong>&#8211; Secours aux sans abris&nbsp; &nbsp;<strong>08 00 30 63 06<\/strong>&nbsp;ou le<strong>&nbsp;115<\/strong><br><strong>Centre anti-poison Bordeaux<\/strong>: &nbsp; &nbsp; &nbsp; &nbsp; &nbsp; &nbsp; &nbsp;&nbsp;<strong>05 56 96 40 80<\/strong><br><strong>SOS M\u00e9decin 24H\/24<\/strong>&nbsp; &nbsp; &nbsp; &nbsp; &nbsp; &nbsp; &nbsp; &nbsp; &nbsp; &nbsp; &nbsp; &nbsp; &nbsp; &nbsp;&nbsp;<strong>&nbsp; 3624<\/strong><br><strong>Violences conjugales :<\/strong>&nbsp; &nbsp; &nbsp; &nbsp; &nbsp; &nbsp; &nbsp; &nbsp; &nbsp; &nbsp; &nbsp; &nbsp; &nbsp; &nbsp;<strong>3919<\/strong><br>Num\u00e9ro de t\u00e9l\u00e9phone pour les victimes et les t\u00e9moins de violences conjugales du lundi au samedi de 8h \u00e0 22h, de 10h \u00e0 20h les dimanche et jours f\u00e9ri\u00e9s.<\/p>\n","protected":false},"excerpt":{"rendered":"<p>Les services d&rsquo;urgence fonctionnent 24H\/24.Ils sont en relation constante entre eux. L&rsquo;efficacit\u00e9 des secours d\u00e9pend des&nbsp;informations donn\u00e9es&nbsp;: Adresse pr\u00e9cise&nbsp;du lieu du sinistre ou de l&rsquo;accident Circonstances&nbsp;(ce qui est arriv\u00e9) Ce&hellip;<\/p>\n","protected":false},"author":1,"featured_media":0,"parent":0,"menu_order":0,"comment_status":"closed","ping_status":"closed","template":"","meta":{"footnotes":""},"class_list":["post-274","page","type-page","status-publish","hentry","no-post-thumbnail"],"_links":{"self":[{"href":"https:\/\/www.mairie-saintleon.fr\/index.php?rest_route=\/wp\/v2\/pages\/274","targetHints":{"allow":["GET"]}}],"collection":[{"href":"https:\/\/www.mairie-saintleon.fr\/index.php?rest_route=\/wp\/v2\/pages"}],"about":[{"href":"https:\/\/www.mairie-saintleon.fr\/index.php?rest_route=\/wp\/v2\/types\/page"}],"author":[{"embeddable":true,"href":"https:\/\/www.mairie-saintleon.fr\/index.php?rest_route=\/wp\/v2\/users\/1"}],"replies":[{"embeddable":true,"href":"https:\/\/www.mairie-saintleon.fr\/index.php?rest_route=%2Fwp%2Fv2%2Fcomments&post=274"}],"version-history":[{"count":2,"href":"https:\/\/www.mairie-saintleon.fr\/index.php?rest_route=\/wp\/v2\/pages\/274\/revisions"}],"predecessor-version":[{"id":276,"href":"https:\/\/www.mairie-saintleon.fr\/index.php?rest_route=\/wp\/v2\/pages\/274\/revisions\/276"}],"wp:attachment":[{"href":"https:\/\/www.mairie-saintleon.fr\/index.php?rest_route=%2Fwp%2Fv2%2Fmedia&parent=274"}],"curies":[{"name":"wp","href":"https:\/\/api.w.org\/{rel}","templated":true}]}}