{"id":269,"date":"2019-06-05T16:03:00","date_gmt":"2019-06-05T14:03:00","guid":{"rendered":"http:\/\/www.mairie-saintleon.fr\/?page_id=269"},"modified":"2019-06-05T16:03:00","modified_gmt":"2019-06-05T14:03:00","slug":"conciliations-amiables","status":"publish","type":"page","link":"https:\/\/www.mairie-saintleon.fr\/?page_id=269","title":{"rendered":"Conciliations amiables"},"content":{"rendered":"\n<p><strong>Permanences CONCILIATEURS DE JUSTICE Canton de Cr\u00e9on<\/strong><\/p>\n\n\n\n<p><strong>au 1er septembre 2018<\/strong><\/p>\n\n\n\n<p>&#8211; Consultations sur prise de rendez-vous &#8211;<\/p>\n\n\n\n<p>Monsieur Jacques FRIOU :<strong>&nbsp;2\u00e8me lundi de chaque mois de 9H \u00e0 12H30 et de 14H30 \u00e0 17H30<\/strong><\/p>\n\n\n\n<p><strong>\u00e0 la Cabane \u00e0 Projets<\/strong>&nbsp;: 32 rue Amaury 33670 CREON<\/p>\n\n\n\n<p>TEL :&nbsp;<strong>05.57.34.42.52<\/strong><\/p>\n\n\n\n<p>Monsieur Patrick TRONCHE :&nbsp;<strong>3\u00e8me et 4\u00e8me lundi de chaque mois de 9H \u00e0 12H et de 14H \u00e0 17H<\/strong><\/p>\n\n\n\n<p><strong>\u00e0 la Mairie de Latresne :&nbsp;<\/strong>1 avenue Jean Bald\u00e9 33360 LATRESNE<\/p>\n\n\n\n<p>TEL :&nbsp;<strong>05.57.97.02.70<\/strong><\/p>\n","protected":false},"excerpt":{"rendered":"<p>Permanences CONCILIATEURS DE JUSTICE Canton de Cr\u00e9on au 1er septembre 2018 &#8211; Consultations sur prise de rendez-vous &#8211; Monsieur Jacques FRIOU :&nbsp;2\u00e8me lundi de chaque mois de 9H \u00e0 12H30&hellip;<\/p>\n","protected":false},"author":1,"featured_media":0,"parent":0,"menu_order":0,"comment_status":"closed","ping_status":"closed","template":"","meta":{"footnotes":""},"class_list":["post-269","page","type-page","status-publish","hentry","no-post-thumbnail"],"_links":{"self":[{"href":"https:\/\/www.mairie-saintleon.fr\/index.php?rest_route=\/wp\/v2\/pages\/269","targetHints":{"allow":["GET"]}}],"collection":[{"href":"https:\/\/www.mairie-saintleon.fr\/index.php?rest_route=\/wp\/v2\/pages"}],"about":[{"href":"https:\/\/www.mairie-saintleon.fr\/index.php?rest_route=\/wp\/v2\/types\/page"}],"author":[{"embeddable":true,"href":"https:\/\/www.mairie-saintleon.fr\/index.php?rest_route=\/wp\/v2\/users\/1"}],"replies":[{"embeddable":true,"href":"https:\/\/www.mairie-saintleon.fr\/index.php?rest_route=%2Fwp%2Fv2%2Fcomments&post=269"}],"version-history":[{"count":1,"href":"https:\/\/www.mairie-saintleon.fr\/index.php?rest_route=\/wp\/v2\/pages\/269\/revisions"}],"predecessor-version":[{"id":270,"href":"https:\/\/www.mairie-saintleon.fr\/index.php?rest_route=\/wp\/v2\/pages\/269\/revisions\/270"}],"wp:attachment":[{"href":"https:\/\/www.mairie-saintleon.fr\/index.php?rest_route=%2Fwp%2Fv2%2Fmedia&parent=269"}],"curies":[{"name":"wp","href":"https:\/\/api.w.org\/{rel}","templated":true}]}}