{"id":267,"date":"2019-06-05T16:02:04","date_gmt":"2019-06-05T14:02:04","guid":{"rendered":"http:\/\/www.mairie-saintleon.fr\/?page_id=267"},"modified":"2019-06-05T16:02:04","modified_gmt":"2019-06-05T14:02:04","slug":"service-public-fr","status":"publish","type":"page","link":"https:\/\/www.mairie-saintleon.fr\/?page_id=267","title":{"rendered":"Service public.fr"},"content":{"rendered":"\n<h2 class=\"wp-block-heading\">D\u00e9marches et formalit\u00e9s<\/h2>\n\n\n\n<p>Vous \u00eates ici : Ma Mairie en ligne &gt; D\u00e9marches et formalit\u00e9s &gt;&nbsp;<a href=\"http:\/\/www.mairie-sadirac.fr\/default.asp?iId=HIFJIL\">Permis de Conduire et Carte Grise<\/a>&nbsp;\/&nbsp;<a href=\"http:\/\/www.mairie-sadirac.fr\/default.asp?iId=HIFIHK\">Pacte Civil de Solidarit\u00e9 &#8211; PACS<\/a>&nbsp;\/&nbsp;<a href=\"http:\/\/www.mairie-sadirac.fr\/default.asp?iId=GELMDG\">Num\u00e9ros d&rsquo;urgence<\/a>&nbsp;\/&nbsp;<a href=\"http:\/\/www.mairie-sadirac.fr\/default.asp?iId=GFGLML\">Location de salles<\/a>&nbsp;\/&nbsp;<a href=\"http:\/\/www.mairie-sadirac.fr\/default.asp?iId=HGIGHF\">Pr\u00eat de mat\u00e9riel<\/a>&nbsp;\/&nbsp;<a href=\"http:\/\/www.mairie-sadirac.fr\/default.asp?iId=GGDKLD\">Magazine Municipal<\/a>&nbsp;\/&nbsp;<a href=\"http:\/\/www.mairie-sadirac.fr\/default.asp?iId=GEFFHG\">Co-voiturage en Cr\u00e9onnais<\/a>&nbsp;\/&nbsp;<a href=\"http:\/\/www.mairie-sadirac.fr\/default.asp?iId=GFHIJH\">Agenda<\/a><br><strong>Un site internet unique pour facilier vos formalit\u00e9s administratives :<\/strong><\/p>\n\n\n\n<p><strong><a href=\"http:\/\/www.service-public.fr\/\" target=\"_blank\" rel=\"noreferrer noopener\">www.service-public.fr<\/a><\/strong><\/p>\n\n\n\n<p>C&rsquo;est&nbsp;<a href=\"http:\/\/www.service-public.fr\/\"><strong>LE<\/strong><\/a>&nbsp;site officiel de l\u2019administration fran\u00e7aise. Vous y trouverez tous les renseignements n\u00e9cessaires de la vie quotidienne : droits, d\u00e9marches administratives, mesures gouvernementales, et \u00e9v\u00e9nements \u00e0 ne pas manquer ! Un m\u00e9mo incontournable pour tous les usagers !<\/p>\n\n\n\n<p>Quelques acc\u00e8s directs&nbsp;* :<\/p>\n\n\n\n<p>&#8211;&nbsp;<strong>Papiers \/ citoyennet\u00e9 :<\/strong>&nbsp;<a href=\"http:\/\/vosdroits.service-public.fr\/particuliers\/N19810.xhtml\">http:\/\/vosdroits.service-public.fr\/particuliers\/N19810.xhtml<\/a><\/p>\n\n\n\n<p><strong>&#8211; Famille :&nbsp;<\/strong><a href=\"http:\/\/vosdroits.service-public.fr\/particuliers\/N19805.xhtml\">http:\/\/vosdroits.service-public.fr\/particuliers\/N19805.xhtml<\/a><\/p>\n\n\n\n<p><strong>&#8211; Formation \/ Travail :<\/strong>&nbsp;<a href=\"http:\/\/vosdroits.service-public.fr\/particuliers\/N19806.xhtml\">http:\/\/vosdroits.service-public.fr\/particuliers\/N19806.xhtml<\/a><\/p>\n\n\n\n<p><strong>&#8211; Social \/ Sant\u00e9 :<\/strong>&nbsp;<a href=\"http:\/\/vosdroits.service-public.fr\/particuliers\/N19811.xhtml\">http:\/\/vosdroits.service-public.fr\/particuliers\/N19811.xhtml<\/a><\/p>\n\n\n\n<p>* Source :&nbsp;<a href=\"http:\/\/www.service-public.fr\/\">www.service-public.fr<\/a><\/p>\n\n\n\n<hr class=\"wp-block-separator\"\/>\n\n\n\n<p><strong>Vous souhaitez des pr\u00e9cisions sur votre feuille d&rsquo;imposition, sur les contrats de travail, sur vos droits en tant que locataire, etc. ?<\/strong><\/p>\n\n\n\n<p>Sachez qu&rsquo;il existe un&nbsp;<strong>num\u00e9ro national d&rsquo;acc\u00e8s au renseignement administratif&nbsp;<\/strong>: le&nbsp;&nbsp;<strong>3939<\/strong>.<\/p>\n\n\n\n<p>Mis en place en 2004, \u00a0\u00bb Allo service public 3939 \u00a0\u00bb permet d&rsquo;obtenir une information rapide et fiable sur toute demande de renseignement administratif et vous \u00e9vite l&rsquo;attente aux standards ou aux guichets des administrations.<\/p>\n\n\n\n<p>En outre, si la question pos\u00e9e n\u00e9cessite une r\u00e9ponse experte, l&rsquo;usager est mis en relation sans rupture d&rsquo;appel avec des informateurs sp\u00e9cialis\u00e9s en mati\u00e8re :<\/p>\n\n\n\n<ul class=\"wp-block-list\"><li>de travail<\/li><li>d&rsquo;int\u00e9rieur<\/li><li>de justice<\/li><li>d&rsquo;urbanisme<\/li><li>de logement<\/li><li>de concurrence et de consommation<\/li><li>de douanes<\/li><li>de sant\u00e9<\/li><li>de s\u00e9curit\u00e9 sociale<\/li><li>de prestations familiales<\/li><li>de banques et assurances<\/li><li>de fiscalit\u00e9 et tr\u00e9sor et<\/li><li>tout ce qui a trait \u00e0 l&rsquo;\u00e9ducation nationale ou \u00e0 la fonction publique<\/li><\/ul>\n\n\n\n<p>Le 3939 (0,12\u20ac la minute) est&nbsp;accessible du lundi au vendredi de 8h \u00e0 19h et le samedi de 9h \u00e0 14h.<\/p>\n\n\n\n<hr class=\"wp-block-separator\"\/>\n\n\n\n<p><\/p>\n","protected":false},"excerpt":{"rendered":"<p>D\u00e9marches et formalit\u00e9s Vous \u00eates ici : Ma Mairie en ligne &gt; D\u00e9marches et formalit\u00e9s &gt;&nbsp;Permis de Conduire et Carte Grise&nbsp;\/&nbsp;Pacte Civil de Solidarit\u00e9 &#8211; PACS&nbsp;\/&nbsp;Num\u00e9ros d&rsquo;urgence&nbsp;\/&nbsp;Location de salles&nbsp;\/&nbsp;Pr\u00eat de&hellip;<\/p>\n","protected":false},"author":1,"featured_media":0,"parent":0,"menu_order":0,"comment_status":"closed","ping_status":"closed","template":"","meta":{"footnotes":""},"class_list":["post-267","page","type-page","status-publish","hentry","no-post-thumbnail"],"_links":{"self":[{"href":"https:\/\/www.mairie-saintleon.fr\/index.php?rest_route=\/wp\/v2\/pages\/267","targetHints":{"allow":["GET"]}}],"collection":[{"href":"https:\/\/www.mairie-saintleon.fr\/index.php?rest_route=\/wp\/v2\/pages"}],"about":[{"href":"https:\/\/www.mairie-saintleon.fr\/index.php?rest_route=\/wp\/v2\/types\/page"}],"author":[{"embeddable":true,"href":"https:\/\/www.mairie-saintleon.fr\/index.php?rest_route=\/wp\/v2\/users\/1"}],"replies":[{"embeddable":true,"href":"https:\/\/www.mairie-saintleon.fr\/index.php?rest_route=%2Fwp%2Fv2%2Fcomments&post=267"}],"version-history":[{"count":1,"href":"https:\/\/www.mairie-saintleon.fr\/index.php?rest_route=\/wp\/v2\/pages\/267\/revisions"}],"predecessor-version":[{"id":268,"href":"https:\/\/www.mairie-saintleon.fr\/index.php?rest_route=\/wp\/v2\/pages\/267\/revisions\/268"}],"wp:attachment":[{"href":"https:\/\/www.mairie-saintleon.fr\/index.php?rest_route=%2Fwp%2Fv2%2Fmedia&parent=267"}],"curies":[{"name":"wp","href":"https:\/\/api.w.org\/{rel}","templated":true}]}}