{"id":258,"date":"2019-06-05T15:47:51","date_gmt":"2019-06-05T13:47:51","guid":{"rendered":"http:\/\/www.mairie-saintleon.fr\/?page_id=258"},"modified":"2024-04-10T11:50:07","modified_gmt":"2024-04-10T09:50:07","slug":"location-salle-des-fetes","status":"publish","type":"page","link":"https:\/\/www.mairie-saintleon.fr\/?page_id=258","title":{"rendered":"Location Salle des f\u00eates"},"content":{"rendered":"\n<h2 class=\"wp-block-heading\">Organiser un mariage, un anniversaire, tenir une assembl\u00e9e g\u00e9n\u00e9rale sont autant d\u2019occasions pour lesquelles vous recherchez un lieu adapt\u00e9, une salle \u00e0 louer dans le respect des riverains&#8230;<\/h2>\n\n\n\n<h4 class=\"wp-block-heading\">La salle des f\u00eates<\/h4>\n\n\n\n<p><\/p>\n\n\n\n<p>Situ\u00e9e en plein coeur de bourg, \u00e0 cot\u00e9 de la Mairie, la salle poss\u00e8de une sc\u00e8ne qui offre la possibilit\u00e9 d\u2019installer un orchestre ou d\u2019offrir un spectacle. Elle est \u00e9quip\u00e9e de tables et de chaises. Compte tenu du succ\u00e8s de cet espace et de la priorit\u00e9 faite aux manifestations municipales et associatives, il est recommand\u00e9 de faire une r\u00e9servation bien \u00e0 l\u2019avance afin de v\u00e9rifier les disponibilit\u00e9s.<br>Capacit\u00e9 d\u2019accueil : 180 personnes maximum. <br><br>Il est impos\u00e9 de tenir les portes ferm\u00e9es, et de veiller a laisser les acc\u00e8s d&rsquo;\u00e9vacuations incendies accessibles. <br>Tout rassemblement ext\u00e9rieur devant l&rsquo;acc\u00e8s \u00e0 la salle, cot\u00e9 route est interdit. Seul le parc ext\u00e9rieur arri\u00e8re peut faire l&rsquo;objet d&rsquo;une occupation pour un ap\u00e9ritif, mais jusqu&rsquo;a 22H maximum. <br><br>Il est formellement interdit de tirer des feux d&rsquo;artifices, de projeter des barbecues ext\u00e9rieurs, de diffuser de la musique ext\u00e9rieure.<br><br>A partir de 22H, il est demand\u00e9 une vigilance accrue quand aux nuisances sonores et tapages nocturnes dans le respect des riverains et de l&rsquo;\u00e9quipement public. <br><br>La municipalit\u00e9 se r\u00e9serve le droit de refuser la location en cas de r\u00e9cidives aux tapages nocturnes. <\/p>\n\n\n\n<p><strong>TARIFS<\/strong><br><\/p>\n\n\n\n<ul class=\"wp-block-list\">\n<li>Commune\u00a0: 200\u20ac &#8211; caution\u00a0: 1000\u20ac &#8211; du samedi matin au dimanche soir<\/li>\n\n\n\n<li>Hors commune\u00a0: 800\u20ac &#8211; caution 1000 \u20ac &#8211; du samedi matin au dimanche soir<\/li>\n<\/ul>\n\n\n\n<p>Les tarifs peuvent \u00eatre r\u00e9visables au 1er janvier de chaque ann\u00e9e.<\/p>\n\n\n\n<h4 class=\"wp-block-heading\">Modalit\u00e9 de r\u00e9servation<\/h4>\n\n\n\n<p>Les demandes sont instruites par ordre d\u2019arriv\u00e9e. La priorit\u00e9 est donn\u00e9e gratuitement aux manifestations municipales et associatives. Toute demande doit \u00eatre adress\u00e9e au secr\u00e9tariat  <\/p>\n\n\n\n<p>Email : mairie-st-leon@wanadoo.fr<\/p>\n\n\n\n<figure class=\"wp-block-gallery has-nested-images columns-default is-cropped wp-block-gallery-1 is-layout-flex wp-block-gallery-is-layout-flex\">\n<figure class=\"wp-block-image size-large\"><img loading=\"lazy\" decoding=\"async\" width=\"720\" height=\"960\" data-id=\"401\" src=\"https:\/\/www.mairie-saintleon.fr\/wp-content\/uploads\/2020\/06\/103508664_3399233176806829_6746802991956963677_n.jpg\" alt=\"\" class=\"wp-image-401\" srcset=\"https:\/\/www.mairie-saintleon.fr\/wp-content\/uploads\/2020\/06\/103508664_3399233176806829_6746802991956963677_n.jpg 720w, https:\/\/www.mairie-saintleon.fr\/wp-content\/uploads\/2020\/06\/103508664_3399233176806829_6746802991956963677_n-225x300.jpg 225w\" sizes=\"auto, (max-width: 720px) 100vw, 720px\" \/><\/figure>\n\n\n\n<figure class=\"wp-block-image size-large\"><img loading=\"lazy\" decoding=\"async\" width=\"720\" height=\"960\" data-id=\"404\" src=\"https:\/\/www.mairie-saintleon.fr\/wp-content\/uploads\/2020\/06\/SDF3.jpg\" alt=\"\" class=\"wp-image-404\" srcset=\"https:\/\/www.mairie-saintleon.fr\/wp-content\/uploads\/2020\/06\/SDF3.jpg 720w, https:\/\/www.mairie-saintleon.fr\/wp-content\/uploads\/2020\/06\/SDF3-225x300.jpg 225w\" sizes=\"auto, (max-width: 720px) 100vw, 720px\" \/><\/figure>\n\n\n\n<figure class=\"wp-block-image size-large\"><img loading=\"lazy\" decoding=\"async\" width=\"960\" height=\"720\" data-id=\"405\" src=\"https:\/\/www.mairie-saintleon.fr\/wp-content\/uploads\/2020\/06\/SDF4.jpg\" alt=\"\" class=\"wp-image-405\" srcset=\"https:\/\/www.mairie-saintleon.fr\/wp-content\/uploads\/2020\/06\/SDF4.jpg 960w, https:\/\/www.mairie-saintleon.fr\/wp-content\/uploads\/2020\/06\/SDF4-300x225.jpg 300w, https:\/\/www.mairie-saintleon.fr\/wp-content\/uploads\/2020\/06\/SDF4-768x576.jpg 768w\" sizes=\"auto, (max-width: 960px) 100vw, 960px\" \/><\/figure>\n\n\n\n<figure class=\"wp-block-image size-large\"><img loading=\"lazy\" decoding=\"async\" width=\"720\" height=\"960\" data-id=\"403\" src=\"https:\/\/www.mairie-saintleon.fr\/wp-content\/uploads\/2020\/06\/sdf2.jpg\" alt=\"\" class=\"wp-image-403\" srcset=\"https:\/\/www.mairie-saintleon.fr\/wp-content\/uploads\/2020\/06\/sdf2.jpg 720w, https:\/\/www.mairie-saintleon.fr\/wp-content\/uploads\/2020\/06\/sdf2-225x300.jpg 225w\" sizes=\"auto, (max-width: 720px) 100vw, 720px\" \/><\/figure>\n\n\n\n<figure class=\"wp-block-image size-large\"><img loading=\"lazy\" decoding=\"async\" width=\"960\" height=\"720\" data-id=\"406\" src=\"https:\/\/www.mairie-saintleon.fr\/wp-content\/uploads\/2020\/06\/SDF5.jpg\" alt=\"\" class=\"wp-image-406\" srcset=\"https:\/\/www.mairie-saintleon.fr\/wp-content\/uploads\/2020\/06\/SDF5.jpg 960w, https:\/\/www.mairie-saintleon.fr\/wp-content\/uploads\/2020\/06\/SDF5-300x225.jpg 300w, https:\/\/www.mairie-saintleon.fr\/wp-content\/uploads\/2020\/06\/SDF5-768x576.jpg 768w\" sizes=\"auto, (max-width: 960px) 100vw, 960px\" \/><\/figure>\n<\/figure>\n\n\n\n<p><\/p>\n","protected":false},"excerpt":{"rendered":"<p>Organiser un mariage, un anniversaire, tenir une assembl\u00e9e g\u00e9n\u00e9rale sont autant d\u2019occasions pour lesquelles vous recherchez un lieu adapt\u00e9, une salle \u00e0 louer dans le respect des riverains&#8230; La salle&hellip;<\/p>\n","protected":false},"author":1,"featured_media":0,"parent":0,"menu_order":0,"comment_status":"closed","ping_status":"closed","template":"","meta":{"footnotes":""},"class_list":["post-258","page","type-page","status-publish","hentry","no-post-thumbnail"],"_links":{"self":[{"href":"https:\/\/www.mairie-saintleon.fr\/index.php?rest_route=\/wp\/v2\/pages\/258","targetHints":{"allow":["GET"]}}],"collection":[{"href":"https:\/\/www.mairie-saintleon.fr\/index.php?rest_route=\/wp\/v2\/pages"}],"about":[{"href":"https:\/\/www.mairie-saintleon.fr\/index.php?rest_route=\/wp\/v2\/types\/page"}],"author":[{"embeddable":true,"href":"https:\/\/www.mairie-saintleon.fr\/index.php?rest_route=\/wp\/v2\/users\/1"}],"replies":[{"embeddable":true,"href":"https:\/\/www.mairie-saintleon.fr\/index.php?rest_route=%2Fwp%2Fv2%2Fcomments&post=258"}],"version-history":[{"count":6,"href":"https:\/\/www.mairie-saintleon.fr\/index.php?rest_route=\/wp\/v2\/pages\/258\/revisions"}],"predecessor-version":[{"id":917,"href":"https:\/\/www.mairie-saintleon.fr\/index.php?rest_route=\/wp\/v2\/pages\/258\/revisions\/917"}],"wp:attachment":[{"href":"https:\/\/www.mairie-saintleon.fr\/index.php?rest_route=%2Fwp%2Fv2%2Fmedia&parent=258"}],"curies":[{"name":"wp","href":"https:\/\/api.w.org\/{rel}","templated":true}]}}