{"id":199,"date":"2019-06-05T11:23:38","date_gmt":"2019-06-05T09:23:38","guid":{"rendered":"http:\/\/www.mairie-saintleon.fr\/?page_id=199"},"modified":"2026-03-15T08:42:53","modified_gmt":"2026-03-15T07:42:53","slug":"comptes-rendus-du-conseil-municipal","status":"publish","type":"page","link":"https:\/\/www.mairie-saintleon.fr\/?page_id=199","title":{"rendered":"Proc\u00e8s verbaux du Conseil municipal"},"content":{"rendered":"\n<h2 class=\"wp-block-heading\">RETROUVEZ LES PROC\u00c8S-VERBAUX DES CONSEILS MUNICIPAUX DE LA COMMUNE DE SAINT-LEON :<\/h2>\n\n\n\n<div class=\"wp-block-columns is-layout-flex wp-container-core-columns-is-layout-9d6595d7 wp-block-columns-is-layout-flex\">\n<div class=\"wp-block-column is-vertically-aligned-top is-layout-flow wp-block-column-is-layout-flow\" style=\"flex-basis:100%\">\n<figure class=\"wp-block-table\"><table class=\"has-fixed-layout\"><tbody><tr><td>Ann\u00e9e 2026 <\/td><td><a href=\"https:\/\/www.mairie-saintleon.fr\/wp-content\/uploads\/2026\/03\/1-PV-CM-du-03.03.2026.pdf\" data-type=\"link\" data-id=\"https:\/\/www.mairie-saintleon.fr\/wp-content\/uploads\/2026\/03\/1-PV-CM-du-03.03.2026.pdf\">PV.CM.du.03.03.2026<\/a><\/td><\/tr><tr><td>Ann\u00e9e 2025 : <\/td><td><a href=\"https:\/\/www.mairie-saintleon.fr\/wp-content\/uploads\/2025\/12\/6-PV-CM-du-01.12.2025.pdf\" data-type=\"link\" data-id=\"https:\/\/www.mairie-saintleon.fr\/wp-content\/uploads\/2025\/12\/6-PV-CM-du-01.12.2025.pdf\">PV.CM.du.01.12.2025<\/a><br><a href=\"https:\/\/www.mairie-saintleon.fr\/wp-content\/uploads\/2025\/10\/5-PV-CM-du-22.09.22025.pdf\" data-type=\"URL\" data-id=\"https:\/\/www.mairie-saintleon.fr\/wp-content\/uploads\/2025\/04\/3-PV-CM-du-07.04.2025.pdf\">PV.CM.du.22.09.2025<\/a><br><a href=\"https:\/\/www.mairie-saintleon.fr\/wp-content\/uploads\/2025\/10\/4-PV-CM-du-02.06.22025.pdf\">PV.CM.du.02.06.2025<\/a><br><a href=\"https:\/\/www.mairie-saintleon.fr\/wp-content\/uploads\/2025\/04\/3-PV-CM-du-07.04.2025.pdf\" data-type=\"URL\" data-id=\"https:\/\/www.mairie-saintleon.fr\/wp-content\/uploads\/2025\/04\/3-PV-CM-du-07.04.2025.pdf\">PV.CM.du.07.04.2025<\/a><br><a href=\"https:\/\/www.mairie-saintleon.fr\/wp-content\/uploads\/2025\/04\/2-PV-CM-du-10.03.2025.pdf\" data-type=\"URL\" data-id=\"https:\/\/www.mairie-saintleon.fr\/wp-content\/uploads\/2025\/04\/2-PV-CM-du-10.03.2025.pdf\">PV.CM.du.10.03.2025<\/a><br><a href=\"https:\/\/www.mairie-saintleon.fr\/wp-content\/uploads\/2025\/04\/1-PV-CM-du-27.01.2025.pdf\" data-type=\"URL\" data-id=\"https:\/\/www.mairie-saintleon.fr\/wp-content\/uploads\/2025\/04\/1-PV-CM-du-27.01.2025.pdf\">PV.CM.du.27.01.2025<\/a><\/td><\/tr><tr><td><br>Ann\u00e9e 2024 :<br><\/td><td><a href=\"https:\/\/www.mairie-saintleon.fr\/wp-content\/uploads\/2025\/02\/6-PV-CM-du-02.12.2024.pdf\" data-type=\"URL\" data-id=\"https:\/\/www.mairie-saintleon.fr\/wp-content\/uploads\/2025\/02\/6-PV-CM-du-02.12.2024.pdf\">PV.CM.du.02.12.2024<\/a><br><a href=\"https:\/\/www.mairie-saintleon.fr\/wp-content\/uploads\/2024\/12\/5-PV-CM-du-16.09.2024.pdf\" data-type=\"URL\" data-id=\"https:\/\/www.mairie-saintleon.fr\/wp-content\/uploads\/2024\/12\/5-PV-CM-du-16.09.2024.pdf\">PV.CM.du.16.09.2024<\/a><br><a href=\"https:\/\/www.mairie-saintleon.fr\/wp-content\/uploads\/2024\/09\/4-PV-CM-du-06.06.2024.pdf\">PV.CM.du.06.06.2024<\/a><br><a href=\"https:\/\/www.mairie-saintleon.fr\/wp-content\/uploads\/2024\/09\/3-PV-CM-du-08.04.2024.pdf\">PV.CM.du.08.04.2024<\/a><br><a href=\"https:\/\/www.mairie-saintleon.fr\/wp-content\/uploads\/2024\/05\/2-PV-CM-du-11.03.2024.pdf\">PV.CM.du.11.03.2024<\/a><br><a href=\"https:\/\/www.mairie-saintleon.fr\/wp-content\/uploads\/2024\/03\/1-PV-CM-du-05.02.2024.pdf\">PV.CM.du.05.02.2024<\/a><\/td><\/tr><tr><td>Ann\u00e9e 2023 : <\/td><td><a href=\"https:\/\/www.mairie-saintleon.fr\/wp-content\/uploads\/2024\/03\/8-PV-CM-du-06.12.2023.pdf\">PV.CM.du.06.12.2023<\/a><br><a href=\"https:\/\/www.mairie-saintleon.fr\/wp-content\/uploads\/2024\/03\/7-PV-CM-du-15.11.2023.pdf\" data-type=\"URL\" data-id=\"https:\/\/www.mairie-saintleon.fr\/wp-content\/uploads\/2024\/03\/7-PV-CM-du-15.11.2023.pdf\">PV.CM.du.15.11.2023<\/a><br><a href=\"https:\/\/www.mairie-saintleon.fr\/wp-content\/uploads\/2023\/09\/6-PV-CM-du-21.09.2023.pdf\" data-type=\"URL\" data-id=\"https:\/\/www.mairie-saintleon.fr\/wp-content\/uploads\/2023\/09\/6-PV-CM-du-21.09.2023.pdf\">P.V.CM.du.21.09.2023<\/a><br><a href=\"https:\/\/www.mairie-saintleon.fr\/wp-content\/uploads\/2023\/09\/5-PV-CM-du-29.06.2023.pdf\" data-type=\"URL\" data-id=\"https:\/\/www.mairie-saintleon.fr\/wp-content\/uploads\/2023\/09\/5-PV-CM-du-29.06.2023.pdf\">P.V.CM.du.29.06.2023<\/a><br><a href=\"https:\/\/www.mairie-saintleon.fr\/wp-content\/uploads\/2023\/06\/PV-CM-du-12.04.2023.pdf\">PV.CM.du.12.04.2023<\/a><br><a href=\"https:\/\/www.mairie-saintleon.fr\/wp-content\/uploads\/2023\/06\/PV-CM-du-20.03.2023.pdf\">PV.CM.du.20.03.2023<\/a><br><a href=\"https:\/\/www.mairie-saintleon.fr\/wp-content\/uploads\/2023\/06\/PV-CM-du-02.02.2023.pdf\">PV.CM.du.02.02.2023<\/a><\/td><\/tr><tr><td>Ann\u00e9e 2022 : <\/td><td><a href=\"https:\/\/www.mairie-saintleon.fr\/wp-content\/uploads\/2022\/12\/PV-CM-du-14.11.2022.pdf\">PC.CM.du.14.11.2022<\/a><br><a href=\"https:\/\/www.mairie-saintleon.fr\/wp-content\/uploads\/2022\/10\/5-PV-CM-du-26.09.2022.pdf\">PV.CM.du.26.09.2022<\/a><br><a href=\"https:\/\/www.mairie-saintleon.fr\/wp-content\/uploads\/2022\/10\/4-PV-CM-du-19.07.2022.pdf\">PV.CM.du.19.07.2022<\/a><br><a href=\"https:\/\/www.mairie-saintleon.fr\/wp-content\/uploads\/2022\/07\/CM-du-30.06.2022.pdf\">CM.du.30.06.2022<\/a><br><a href=\"https:\/\/www.mairie-saintleon.fr\/wp-content\/uploads\/2022\/06\/CM-du-04.04.2022.pdf\">CM.du.04.04.2022<\/a><br><a href=\"https:\/\/www.mairie-saintleon.fr\/wp-content\/uploads\/2022\/04\/1-CM-du-10.03.2022.pdf\">CM.du.10.03.2022<\/a><\/td><\/tr><tr><td>Ann\u00e9e 2021 :<\/td><td><a href=\"http:\/\/www.mairie-saintleon.fr\/wp-content\/uploads\/2022\/02\/CM-du-16.12.2021.pdf\">CM.du.16.12.2021<\/a><br><a href=\"http:\/\/www.mairie-saintleon.fr\/wp-content\/uploads\/2022\/02\/CM-du-18.10.2021.pdf\">CM.du.18.10.2021<\/a><br><a href=\"http:\/\/www.mairie-saintleon.fr\/wp-content\/uploads\/2021\/10\/CM-du-12.07.21.pdf\">CM.du.12.07.2021<\/a><br><a href=\"http:\/\/www.mairie-saintleon.fr\/wp-content\/uploads\/2021\/10\/CM-du-14.06.21.pdf\">CM.du.14.06.2021<\/a><br><a href=\"http:\/\/www.mairie-saintleon.fr\/wp-content\/uploads\/2021\/10\/CM-du-12.04.21.pdf\">CM.du.12.04.2021<\/a><br><a href=\"http:\/\/www.mairie-saintleon.fr\/wp-content\/uploads\/2021\/05\/CM-du-15.03.2021.pdf\">CM.du.15.03.2021<\/a><br><a href=\"http:\/\/www.mairie-saintleon.fr\/wp-content\/uploads\/2021\/05\/CM-du-25.01.2021.pdf\">CM.du.25.01.2021<\/a><\/td><\/tr><tr><td> Ann\u00e9e 2020 :<\/td><td><a href=\"http:\/\/www.mairie-saintleon.fr\/wp-content\/uploads\/2020\/12\/CM-du-16.11.2020.pdf\">CM.du.16.11.2020.pdf<\/a><br><a href=\"http:\/\/www.mairie-saintleon.fr\/wp-content\/uploads\/2020\/11\/CM-du-07.09.2020.pdf\">CM.du.07.09.2020.pdf<\/a><br><a href=\"http:\/\/www.mairie-saintleon.fr\/wp-content\/uploads\/2020\/11\/CM-du-10.07.2020.pdf\">CM.du.10.07.2020.pdf<\/a><br><a href=\"http:\/\/www.mairie-saintleon.fr\/wp-content\/uploads\/2020\/11\/CM-du-29.06.2020.pdf\">CM.du.29.06.2020.pdf<\/a><br><a href=\"http:\/\/www.mairie-saintleon.fr\/cm-du-26-05-2020\/\">CM.du.26.05.2020.pdf<\/a><br><a href=\"http:\/\/www.mairie-saintleon.fr\/cm-du-11-03-2020\/\">CM-du-11.03.2020.pdf<\/a><br><a href=\"http:\/\/www.mairie-saintleon.fr\/cm-du-03-02-2020\/\">CM-du-03.02.2020.pdf<\/a><\/td><\/tr><tr><td>  Ann\u00e9e 2019 : <\/td><td><br><a href=\"http:\/\/www.mairie-saintleon.fr\/cm-du-09-12-2019\/\">CM-du-09.12.2019.pdf<\/a><br><a href=\"http:\/\/www.mairie-saintleon.fr\/comptes-rendus-du-conseil-municipal\/cm-du-16-09-2019-1\/\">CM-du-16.09.2019.pdf<\/a><br><a href=\"http:\/\/www.mairie-saintleon.fr\/wp-content\/uploads\/2019\/07\/CM-du-26.06.2019.pdf\">CM-du-26.06.2019.pdf<\/a><br><a href=\"http:\/\/www.mairie-saintleon.fr\/wp-content\/uploads\/2019\/07\/CM-du-10.04.2019.pdf\">CM-du-10.04.2019.pdf<\/a><br><a href=\"http:\/\/www.mairie-saintleon.fr\/wp-content\/uploads\/2019\/06\/CM-du-31.01.2019.pdf\">CM-du-31.01.2019.pdf<\/a><br> <\/td><\/tr><tr><td>  Ann\u00e9e 2018 : <\/td><td><a href=\"http:\/\/www.mairie-saintleon.fr\/wp-content\/uploads\/2019\/06\/CM-du-05.03.2018.pdf\">CM-du-05.03.2018.pdf<\/a><br><a href=\"http:\/\/www.mairie-saintleon.fr\/wp-content\/uploads\/2019\/06\/CM-du-12.04.2018.pdf\">CM-du-12.04.2018.pdf<\/a> <br><a href=\"http:\/\/www.mairie-saintleon.fr\/wp-content\/uploads\/2019\/06\/CM-du-27.06.2018.pdf\">CM-du-27.06.2018.pdf<\/a> <br><a href=\"http:\/\/www.mairie-saintleon.fr\/wp-content\/uploads\/2019\/06\/CM-du-08.10.2018.pdf\">CM-du-08.10.2018.pdf<\/a><br><a href=\"http:\/\/www.mairie-saintleon.fr\/wp-content\/uploads\/2019\/06\/CR-CM-STLEON-du-08.10.2018-Debat-PADD-et-PLUI.pdf\">CR-CM-STLEON-du-08.10.2018-Debat-PADD-et-PLUI.pdf<\/a><\/td><\/tr><tr><td>  Ann\u00e9e 2017 : <\/td><td><a href=\"http:\/\/www.mairie-saintleon.fr\/wp-content\/uploads\/2019\/06\/CM_du_16022017.pdf\">CM_du_16022017.pdf<\/a><br> <a href=\"http:\/\/www.mairie-saintleon.fr\/wp-content\/uploads\/2019\/06\/CM_du_13042017.pdf\">CM_du_13042017.pdf<\/a> <br><a href=\"http:\/\/www.mairie-saintleon.fr\/wp-content\/uploads\/2019\/06\/CM_du_29062017.pdf\">CM_du_29062017.pdf<\/a><br> <a href=\"http:\/\/www.mairie-saintleon.fr\/wp-content\/uploads\/2019\/06\/28092017-FONDS-DE-CONCOURS.pdf\">28092017-FONDS-DE-CONCOURS.pdf<\/a> <br><a href=\"http:\/\/www.mairie-saintleon.fr\/wp-content\/uploads\/2019\/06\/CM_du_09102017.pdf\">CM_du_09102017.pdf<\/a><br><a href=\"http:\/\/www.mairie-saintleon.fr\/wp-content\/uploads\/2019\/06\/CM_du_20112017.pdf\">CM_du_20112017.pdf<\/a><\/td><\/tr><tr><td>  Ann\u00e9e 2016 : <\/td><td><a href=\"http:\/\/www.mairie-saintleon.fr\/wp-content\/uploads\/2019\/06\/CM_du_28012016.pdf\">CM_du_28012016.pdf<\/a> <br><a href=\"http:\/\/www.mairie-saintleon.fr\/wp-content\/uploads\/2019\/06\/CM_du_31032016.pdf\">CM_du_31032016.pdf<\/a><br><a href=\"http:\/\/www.mairie-saintleon.fr\/wp-content\/uploads\/2019\/06\/CM_du_14042016.pdf\">CM_du_14042016.pdf<\/a>   <br><a href=\"http:\/\/www.mairie-saintleon.fr\/wp-content\/uploads\/2019\/06\/CM-du-02062016.pdf\">CM-du-02062016.pdf<\/a><br><a href=\"http:\/\/www.mairie-saintleon.fr\/wp-content\/uploads\/2019\/06\/CM-du-03112016.pdf\">CM-du-03112016.pdf<\/a><br><a href=\"http:\/\/www.mairie-saintleon.fr\/wp-content\/uploads\/2019\/06\/CM-du-08122016.pdf\">CM-du-08122016.pdf<\/a><\/td><\/tr><tr><td>  Ann\u00e9e 2015 : <\/td><td><a href=\"http:\/\/www.mairie-saintleon.fr\/wp-content\/uploads\/2019\/06\/CM_du_05032015.pdf\">CM_du_05032015.pdf<\/a><br><a href=\"http:\/\/www.mairie-saintleon.fr\/wp-content\/uploads\/2019\/06\/CM_du_09042015.pdf\">CM_du_09042015.pdf<\/a><br><a href=\"http:\/\/www.mairie-saintleon.fr\/wp-content\/uploads\/2019\/06\/CM_du_23062015.pdf\">CM_du_23062015.pdf<\/a><br><a href=\"http:\/\/www.mairie-saintleon.fr\/wp-content\/uploads\/2019\/06\/CM_du_06102015.pdf\">CM_du_06102015.pdf<\/a><br><a href=\"http:\/\/www.mairie-saintleon.fr\/wp-content\/uploads\/2019\/06\/CM_du_04112015.pdf\">CM_du_04112015.pdf<\/a><\/td><\/tr><tr><td>  Ann\u00e9e 2014 : <\/td><td><a href=\"http:\/\/www.mairie-saintleon.fr\/wp-content\/uploads\/2019\/06\/CM_du_06032014.pdf\">CM_du_06032014.pdf<\/a><br><a href=\"http:\/\/www.mairie-saintleon.fr\/wp-content\/uploads\/2019\/06\/CM_du_28032014.pdf\">CM_du_28032014.pdf<\/a><br><a href=\"http:\/\/www.mairie-saintleon.fr\/wp-content\/uploads\/2019\/06\/CR-CCAS_du_24042014.pdf\">CR-CCAS_du_24042014.pdf<\/a> <br><a href=\"http:\/\/www.mairie-saintleon.fr\/wp-content\/uploads\/2019\/06\/CM_du_30042014.pdf\">CM_du_30042014.pdf<\/a><br><a href=\"http:\/\/www.mairie-saintleon.fr\/wp-content\/uploads\/2019\/06\/CM_du_20062014.pdf\">CM_du_20062014.pdf<\/a><br><a href=\"http:\/\/www.mairie-saintleon.fr\/wp-content\/uploads\/2019\/06\/CM_du_11092014.pdf\">CM_du_11092014.pdf<\/a><br><a href=\"http:\/\/www.mairie-saintleon.fr\/wp-content\/uploads\/2019\/06\/CM_du_20112014.pdf\">CM du 20112014.pdf<\/a><br><a href=\"http:\/\/www.mairie-saintleon.fr\/wp-content\/uploads\/2019\/06\/CM_du_121214.pdf\">CM_du_121214.pdf<\/a>  <\/td><\/tr><\/tbody><\/table><\/figure>\n<\/div>\n<\/div>\n\n\n\n<p><\/p>\n","protected":false},"excerpt":{"rendered":"<p>RETROUVEZ LES PROC\u00c8S-VERBAUX DES CONSEILS MUNICIPAUX DE LA COMMUNE DE SAINT-LEON : Ann\u00e9e 2026 PV.CM.du.03.03.2026 Ann\u00e9e 2025 : PV.CM.du.01.12.2025PV.CM.du.22.09.2025PV.CM.du.02.06.2025PV.CM.du.07.04.2025PV.CM.du.10.03.2025PV.CM.du.27.01.2025 Ann\u00e9e 2024 : PV.CM.du.02.12.2024PV.CM.du.16.09.2024PV.CM.du.06.06.2024PV.CM.du.08.04.2024PV.CM.du.11.03.2024PV.CM.du.05.02.2024 Ann\u00e9e 2023 : PV.CM.du.06.12.2023PV.CM.du.15.11.2023P.V.CM.du.21.09.2023P.V.CM.du.29.06.2023PV.CM.du.12.04.2023PV.CM.du.20.03.2023PV.CM.du.02.02.2023 Ann\u00e9e 2022 :&hellip;<\/p>\n","protected":false},"author":1,"featured_media":0,"parent":0,"menu_order":0,"comment_status":"closed","ping_status":"closed","template":"","meta":{"footnotes":""},"class_list":["post-199","page","type-page","status-publish","hentry","no-post-thumbnail"],"_links":{"self":[{"href":"https:\/\/www.mairie-saintleon.fr\/index.php?rest_route=\/wp\/v2\/pages\/199","targetHints":{"allow":["GET"]}}],"collection":[{"href":"https:\/\/www.mairie-saintleon.fr\/index.php?rest_route=\/wp\/v2\/pages"}],"about":[{"href":"https:\/\/www.mairie-saintleon.fr\/index.php?rest_route=\/wp\/v2\/types\/page"}],"author":[{"embeddable":true,"href":"https:\/\/www.mairie-saintleon.fr\/index.php?rest_route=\/wp\/v2\/users\/1"}],"replies":[{"embeddable":true,"href":"https:\/\/www.mairie-saintleon.fr\/index.php?rest_route=%2Fwp%2Fv2%2Fcomments&post=199"}],"version-history":[{"count":93,"href":"https:\/\/www.mairie-saintleon.fr\/index.php?rest_route=\/wp\/v2\/pages\/199\/revisions"}],"predecessor-version":[{"id":1088,"href":"https:\/\/www.mairie-saintleon.fr\/index.php?rest_route=\/wp\/v2\/pages\/199\/revisions\/1088"}],"wp:attachment":[{"href":"https:\/\/www.mairie-saintleon.fr\/index.php?rest_route=%2Fwp%2Fv2%2Fmedia&parent=199"}],"curies":[{"name":"wp","href":"https:\/\/api.w.org\/{rel}","templated":true}]}}