{"id":194,"date":"2019-06-05T11:10:16","date_gmt":"2019-06-05T09:10:16","guid":{"rendered":"http:\/\/www.mairie-saintleon.fr\/?page_id=194"},"modified":"2026-04-02T19:48:06","modified_gmt":"2026-04-02T17:48:06","slug":"le-conseil-municipal","status":"publish","type":"page","link":"https:\/\/www.mairie-saintleon.fr\/?page_id=194","title":{"rendered":"Le Conseil Municipal"},"content":{"rendered":"\n<h3 class=\"wp-block-heading\">LE CONSEIL MUNICIPAL EST L\u2019ORGANE D\u00c9LIB\u00c9RANT DE LA COMMUNE : IL VOTE TOUTES LES GRANDES D\u00c9CISIONS ET R\u00c8GLE, PAR SES D\u00c9LIB\u00c9RATIONS, LES AFFAIRES DE LA COMMUNE.<\/h3>\n\n\n\n<p>Il compte 11 membres \u00e9lus au suffrage universel tous les six ans. Il se r\u00e9unit au moins une fois par trimestre en s\u00e9ance publique. Le Maire, \u00e9lu par les membres du Conseil Municipal, est le repr\u00e9sentant ex\u00e9cutif de la commune ainsi que le chef de l\u2019administration.&nbsp; Il exerce avec ses adjoints d\u00e9l\u00e9gu\u00e9s ses pouvoirs sous le contr\u00f4le du Conseil Municipal.<\/p>\n\n\n\n<p>Vous voulez contribuer \u00e0 l\u2019avenir de Saint-L\u00e9on, faire des propositions ou vous avez simplement des questions&nbsp;? vos \u00e9lus sont \u00e0 votre disposition pour vous recevoir. Vous pouvez prendre RDV aupr\u00e8s de de notre secr\u00e9tariat en mairie, au 05 56 23 48 02 ou par mail : mairie-st-leon@wanadoo.fr<\/p>\n\n\n\n<h4 class=\"wp-block-heading\">Conseil Municipal, \u00e9lu(e)s 2026\/2032 : <\/h4>\n\n\n\n<figure class=\"wp-block-image size-full is-style-default\"><img loading=\"lazy\" decoding=\"async\" width=\"868\" height=\"619\" src=\"https:\/\/www.mairie-saintleon.fr\/wp-content\/uploads\/2026\/04\/trombi-equipe-municipale.jpg\" alt=\"\" class=\"wp-image-1112\" srcset=\"https:\/\/www.mairie-saintleon.fr\/wp-content\/uploads\/2026\/04\/trombi-equipe-municipale.jpg 868w, https:\/\/www.mairie-saintleon.fr\/wp-content\/uploads\/2026\/04\/trombi-equipe-municipale-300x214.jpg 300w, https:\/\/www.mairie-saintleon.fr\/wp-content\/uploads\/2026\/04\/trombi-equipe-municipale-768x548.jpg 768w\" sizes=\"auto, (max-width: 868px) 100vw, 868px\" \/><\/figure>\n\n\n\n<p><strong>Nicolas TARBES, Maire, <\/strong><br>Conseiller communautaire<br>vice Pr\u00e9sident de la communaut\u00e9 de communes du Cr\u00e9onnais, en charge du plan num\u00e9rique, des infrastructures communautaires.<br>Conseiller d\u00e9partemental du Canton de l&rsquo;E2M<br><br><strong>Nadine DUBOS, <\/strong><br>1er adjointe au Maire, finances, administration g\u00e9n\u00e9rale, ressource, social, projets<br>Conseill\u00e8re communautaire suppl\u00e9ante, <br><br><strong>Jean-Bernard NIOTOU<\/strong><br>2eme adjoint au Maire, travaux, voiries, services techniques, b\u00e2timents, entretien de la commune<br>D\u00e9l\u00e9gu\u00e9 au Syndicat des eaux de Targon, S.I.A.E.P.A<\/p>\n\n\n\n<p><img loading=\"lazy\" decoding=\"async\" width=\"300\" height=\"300\" class=\"wp-image-386\" style=\"width: 300px;\" src=\"http:\/\/www.mairie-saintleon.fr\/wp-content\/uploads\/2020\/06\/Executif-2020-2026.jpg\" alt=\"\" srcset=\"https:\/\/www.mairie-saintleon.fr\/wp-content\/uploads\/2020\/06\/Executif-2020-2026.jpg 960w, https:\/\/www.mairie-saintleon.fr\/wp-content\/uploads\/2020\/06\/Executif-2020-2026-150x150.jpg 150w, https:\/\/www.mairie-saintleon.fr\/wp-content\/uploads\/2020\/06\/Executif-2020-2026-300x300.jpg 300w, https:\/\/www.mairie-saintleon.fr\/wp-content\/uploads\/2020\/06\/Executif-2020-2026-768x768.jpg 768w\" sizes=\"auto, (max-width: 300px) 100vw, 300px\" \/><br><br><strong>Odile CADASSOU,<\/strong> Conseill\u00e8re, vie scolaire et associative<br><strong>J\u00e9r\u00f4me NOUGARO<\/strong>, Conseiller, d\u00e9l\u00e9gu\u00e9 aux travaux communaux, r\u00e9seaux<br><strong>Ga\u00eblle ASTORI<\/strong> Conseill\u00e8re, Jeunesse, Citoyennet\u00e9<br><strong>Jean-Marc AYZE,<\/strong> Conseiller, coordinateur s\u00e9curit\u00e9 publique, PCSA,<br><strong>Marie France QUESADA,<\/strong> Conseill\u00e8re, vie associative, solidarit\u00e9 <br><strong>Eduarda PEREIRA,<\/strong> Conseill\u00e8re , cadre de vie, finances<br><strong>Ghislain COMELLI,<\/strong> Conseiller, environnement, d\u00e9veloppement durable, relations entreprises artisanat.<br><strong>Tony JOUREL,<\/strong> Conseiller vie locale, service technique et travaux<br><\/p>\n\n\n\n<p><\/p>\n","protected":false},"excerpt":{"rendered":"<p>LE CONSEIL MUNICIPAL EST L\u2019ORGANE D\u00c9LIB\u00c9RANT DE LA COMMUNE : IL VOTE TOUTES LES GRANDES D\u00c9CISIONS ET R\u00c8GLE, PAR SES D\u00c9LIB\u00c9RATIONS, LES AFFAIRES DE LA COMMUNE. Il compte 11 membres&hellip;<\/p>\n","protected":false},"author":1,"featured_media":0,"parent":0,"menu_order":0,"comment_status":"closed","ping_status":"closed","template":"","meta":{"footnotes":""},"class_list":["post-194","page","type-page","status-publish","hentry","no-post-thumbnail"],"_links":{"self":[{"href":"https:\/\/www.mairie-saintleon.fr\/index.php?rest_route=\/wp\/v2\/pages\/194","targetHints":{"allow":["GET"]}}],"collection":[{"href":"https:\/\/www.mairie-saintleon.fr\/index.php?rest_route=\/wp\/v2\/pages"}],"about":[{"href":"https:\/\/www.mairie-saintleon.fr\/index.php?rest_route=\/wp\/v2\/types\/page"}],"author":[{"embeddable":true,"href":"https:\/\/www.mairie-saintleon.fr\/index.php?rest_route=\/wp\/v2\/users\/1"}],"replies":[{"embeddable":true,"href":"https:\/\/www.mairie-saintleon.fr\/index.php?rest_route=%2Fwp%2Fv2%2Fcomments&post=194"}],"version-history":[{"count":18,"href":"https:\/\/www.mairie-saintleon.fr\/index.php?rest_route=\/wp\/v2\/pages\/194\/revisions"}],"predecessor-version":[{"id":1119,"href":"https:\/\/www.mairie-saintleon.fr\/index.php?rest_route=\/wp\/v2\/pages\/194\/revisions\/1119"}],"wp:attachment":[{"href":"https:\/\/www.mairie-saintleon.fr\/index.php?rest_route=%2Fwp%2Fv2%2Fmedia&parent=194"}],"curies":[{"name":"wp","href":"https:\/\/api.w.org\/{rel}","templated":true}]}}